{"id":78089,"date":"2016-07-18T07:52:19","date_gmt":"2016-07-18T07:52:19","guid":{"rendered":"http:\/\/www.filharmonikusok.hu\/?page_id=78089"},"modified":"2026-03-04T08:21:44","modified_gmt":"2026-03-04T08:21:44","slug":"nemzeti-enekkar","status":"publish","type":"page","link":"https:\/\/www.filharmonikusok.hu\/en\/bemutatkozunk\/nemzeti-enekkar\/","title":{"rendered":"Hungarian National Choir"},"content":{"rendered":"<h2><strong>Our history<\/strong><\/h2>\n<p>The Hungarian National Choir was founded in 1985, as the Hungarian State Choir, under the leadership of composer\/choirmaster Mikl\u00f3s P\u00e1szti. The first great era in the ensemble&#8217;s history began in 1990, when the founding choirmaster&#8217;s death led to M\u00e1tyas Antal taking up the post, which he held until 31 March 2016. Over the course of that more than a quarter of a century, the ensemble became Hungary&#8217;s leading professional choir, known for its performances of vocal compositions accompanied by orchestra, oratorios and a cappella works.<\/p>\n<p>Accordingly, its repertoire is extremely rich and open in every direction, encompassing the early Baroque composer Heinrich Sch\u00fctz, Bach, the Viennese Classical School, and the composers of the 19th and 20th centuries and of today, without prejudice to genre.<\/p>\n<p>Csaba Somos has served as the ensemble&#8217;s choirmaster since 1 January 2016.<\/p>\n<p>In addition to performing concerts in Hungary, the ensemble regularly accepts invitations to appear abroad, having sung in numerous nations in Europe, as well as in Israel and Japan. They also regularly visit communities with ethnic Hungarian populations in the countries that neighbour Hungary.<\/p>\n<p>The Hungarian National Choir places great emphasis on performing contemporary works, along with the 19th-century oratorios that are so prominent in their repertoire. They have been credited with numerous world and Hungarian premi\u00e8res, including those of Zolt\u00e1n Jeney&#8217;s oratorio Funeral Rite and Gy\u00f6rgy Kurt\u00e1g&#8217;s composition Songs of Despair and Sorrow \u2013 the latter of which is considered by many to be one of the most difficult pieces in the choral literature. However, their repertoire also extends to works by Tam\u00e1s Beischer-Maty\u00f3, Zsolt Durk\u00f3, Kamill\u00f3 Lendvay, Gy\u00f6rgy Ligeti, Gy\u00f6rgy Orb\u00e1n, Emil Petrovics, J\u00f3zsef Soproni, S\u00e1ndor Szokolay, P\u00e9ter T\u00f3th and J\u00e1nos Vajda. In conjunction with this, the ensemble have also sung on recordings of works by several contemporary composers, such as Lajos Husz\u00e1r, Mikl\u00f3s Csemiczky, Attila Bozay, L\u00e1szl\u00f3 Kir\u00e1ly, M\u00e1t\u00e9 Holl\u00f3s and J\u00f3zsef S\u00e1ri.<\/p>\n<p>The choir regularly collaborates on the Hungarian National Philharmonic&#8217;s summer Beethoven series in Martonv\u00e1s\u00e1r and plays a prominent role in the orchestra&#8217;s family matinee concert series, as well as in the Bart\u00f3k New Series that first began development in 2006 under the artistic leadership of Zolt\u00e1n Kocsis. \u00a0The Hungarian National Choir is also a reliable partner to the Hungarian National Philharmonic Orchestra in its artistic efforts to bring works that are undeservedly absent from the established repertoire to the audience. This category includes compositions by Britten, Debussy, Enescu, Jan\u00e1\u010dek and Ravel. Not only did the choir serve as the chorus in the Hungarian National Philharmonic&#8217;s highly acclaimed series of productions of the operas of Richard Strauss, several of its members also took the stage as soloists. Another of the choir&#8217;s notable accomplishments of recent years was its participation in the production of Schoenberg&#8217;s <em>Moses und Aron<\/em> that was conducted by Kocsis, who also completed the score. In addition to performing the traditional oratorio repertoire, they have also sung in such important but rarely heard works as the immense choral symphonies of Mahler, Bruckner&#8217;s <em>Te Deum <\/em>and Liszt&#8217;s<em> Christus <\/em>oratorio and <em>The Legend of St. Elizabeth<\/em>. The Hungarian National Choir is also regularly invited to participate in the massive Budapest Wagner Days festival that is organised at M\u00fcpa Budapest each year.<\/p>\n<p>Over the past 30 years, the choir has worked with such excellent conductors as Antal Dor\u00e1ti, P\u00e9ter E\u00f6tv\u00f6s, \u00c1d\u00e1m Fischer, Lionel Friend, J\u00e1nos F\u00fcrst, Lamberto Gardelli, Zsolt Hamar, Sebastian Weigle, J\u00e1nos Kov\u00e1cs, Gy\u00f6rgy Lehel, Andr\u00e1s Ligeti, Ervin Luk\u00e1cs, Ken-Ichiro Kobayashi, Bertrand de Billy, Rico Saccani, Yuri Simonov, Carlo Montanaro, Krzysztof Penderecki, Tam\u00e1s V\u00e1s\u00e1ry and Zolt\u00e1n Kocsis.<\/p>\n<p>&nbsp;<\/p>\n","protected":false},"excerpt":{"rendered":"<p>Our history The Hungarian National Choir was founded in 1985, as the Hungarian State Choir, under the leadership of composer\/choirmaster Mikl\u00f3s P\u00e1szti. The first great era in the ensemble&#8217;s history began in 1990, when the founding choirmaster&#8217;s death led to M\u00e1tyas Antal taking up the post, which he held until 31 March 2016. Over the [&hellip;]<\/p>\n","protected":false},"author":1,"featured_media":126277,"parent":5,"menu_order":0,"comment_status":"closed","ping_status":"closed","template":"template-choir-page_2.php","meta":{"_acf_changed":false,"_monsterinsights_skip_tracking":false,"_monsterinsights_sitenote_active":false,"_monsterinsights_sitenote_note":"","_monsterinsights_sitenote_category":0,"footnotes":""},"class_list":["post-78089","page","type-page","status-publish","has-post-thumbnail","hentry"],"better_featured_image":{"id":126277,"alt_text":"","caption":"","description":"","media_type":"image","media_details":{"width":2560,"height":1022,"file":"2025\/04\/Nemzeti-E\u0301nekkar_2022@MNF_foto\u0301_Csibi-Szilvia-2_kis-meret-1-scaled.jpg","filesize":391621,"sizes":{"medium":{"file":"Nemzeti-E\u0301nekkar_2022@MNF_foto\u0301_Csibi-Szilvia-2_kis-meret-1-300x120.jpg","width":300,"height":120,"mime-type":"image\/jpeg","filesize":12303,"source_url":"https:\/\/www.filharmonikusok.hu\/wp-content\/uploads\/2025\/04\/Nemzeti-E\u0301nekkar_2022@MNF_foto\u0301_Csibi-Szilvia-2_kis-meret-1-300x120.jpg"},"large":{"file":"Nemzeti-E\u0301nekkar_2022@MNF_foto\u0301_Csibi-Szilvia-2_kis-meret-1-1024x409.jpg","width":1024,"height":409,"mime-type":"image\/jpeg","filesize":87337,"source_url":"https:\/\/www.filharmonikusok.hu\/wp-content\/uploads\/2025\/04\/Nemzeti-E\u0301nekkar_2022@MNF_foto\u0301_Csibi-Szilvia-2_kis-meret-1-1024x409.jpg"},"thumbnail":{"file":"Nemzeti-E\u0301nekkar_2022@MNF_foto\u0301_Csibi-Szilvia-2_kis-meret-1-150x150.jpg","width":150,"height":150,"mime-type":"image\/jpeg","filesize":8714,"source_url":"https:\/\/www.filharmonikusok.hu\/wp-content\/uploads\/2025\/04\/Nemzeti-E\u0301nekkar_2022@MNF_foto\u0301_Csibi-Szilvia-2_kis-meret-1-150x150.jpg"},"medium_large":{"file":"Nemzeti-E\u0301nekkar_2022@MNF_foto\u0301_Csibi-Szilvia-2_kis-meret-1-768x307.jpg","width":768,"height":307,"mime-type":"image\/jpeg","filesize":54710,"source_url":"https:\/\/www.filharmonikusok.hu\/wp-content\/uploads\/2025\/04\/Nemzeti-E\u0301nekkar_2022@MNF_foto\u0301_Csibi-Szilvia-2_kis-meret-1-768x307.jpg"},"1536x1536":{"file":"Nemzeti-E\u0301nekkar_2022@MNF_foto\u0301_Csibi-Szilvia-2_kis-meret-1-1536x613.jpg","width":1536,"height":613,"mime-type":"image\/jpeg","filesize":169450,"source_url":"https:\/\/www.filharmonikusok.hu\/wp-content\/uploads\/2025\/04\/Nemzeti-E\u0301nekkar_2022@MNF_foto\u0301_Csibi-Szilvia-2_kis-meret-1-1536x613.jpg"},"2048x2048":{"file":"Nemzeti-E\u0301nekkar_2022@MNF_foto\u0301_Csibi-Szilvia-2_kis-meret-1-2048x818.jpg","width":2048,"height":818,"mime-type":"image\/jpeg","filesize":271225,"source_url":"https:\/\/www.filharmonikusok.hu\/wp-content\/uploads\/2025\/04\/Nemzeti-E\u0301nekkar_2022@MNF_foto\u0301_Csibi-Szilvia-2_kis-meret-1-2048x818.jpg"},"person-size":{"file":"Nemzeti-E\u0301nekkar_2022@MNF_foto\u0301_Csibi-Szilvia-2_kis-meret-1-165x165.jpg","width":165,"height":165,"mime-type":"image\/jpeg","filesize":9950,"source_url":"https:\/\/www.filharmonikusok.hu\/wp-content\/uploads\/2025\/04\/Nemzeti-E\u0301nekkar_2022@MNF_foto\u0301_Csibi-Szilvia-2_kis-meret-1-165x165.jpg"},"person-size-2":{"file":"Nemzeti-E\u0301nekkar_2022@MNF_foto\u0301_Csibi-Szilvia-2_kis-meret-1-165x220.jpg","width":165,"height":220,"mime-type":"image\/jpeg","filesize":11950,"source_url":"https:\/\/www.filharmonikusok.hu\/wp-content\/uploads\/2025\/04\/Nemzeti-E\u0301nekkar_2022@MNF_foto\u0301_Csibi-Szilvia-2_kis-meret-1-165x220.jpg"},"album-size":{"file":"Nemzeti-E\u0301nekkar_2022@MNF_foto\u0301_Csibi-Szilvia-2_kis-meret-1-263x263.jpg","width":263,"height":263,"mime-type":"image\/jpeg","filesize":19817,"source_url":"https:\/\/www.filharmonikusok.hu\/wp-content\/uploads\/2025\/04\/Nemzeti-E\u0301nekkar_2022@MNF_foto\u0301_Csibi-Szilvia-2_kis-meret-1-263x263.jpg"},"news-lead-size":{"file":"Nemzeti-E\u0301nekkar_2022@MNF_foto\u0301_Csibi-Szilvia-2_kis-meret-1-360x203.jpg","width":360,"height":203,"mime-type":"image\/jpeg","filesize":21491,"source_url":"https:\/\/www.filharmonikusok.hu\/wp-content\/uploads\/2025\/04\/Nemzeti-E\u0301nekkar_2022@MNF_foto\u0301_Csibi-Szilvia-2_kis-meret-1-360x203.jpg"},"director-index-size":{"file":"Nemzeti-E\u0301nekkar_2022@MNF_foto\u0301_Csibi-Szilvia-2_kis-meret-1-359x450.jpg","width":359,"height":450,"mime-type":"image\/jpeg","filesize":36925,"source_url":"https:\/\/www.filharmonikusok.hu\/wp-content\/uploads\/2025\/04\/Nemzeti-E\u0301nekkar_2022@MNF_foto\u0301_Csibi-Szilvia-2_kis-meret-1-359x450.jpg"},"person-lead-size":{"file":"Nemzeti-E\u0301nekkar_2022@MNF_foto\u0301_Csibi-Szilvia-2_kis-meret-1-555x555.jpg","width":555,"height":555,"mime-type":"image\/jpeg","filesize":63198,"source_url":"https:\/\/www.filharmonikusok.hu\/wp-content\/uploads\/2025\/04\/Nemzeti-E\u0301nekkar_2022@MNF_foto\u0301_Csibi-Szilvia-2_kis-meret-1-555x555.jpg"},"slider-size":{"file":"Nemzeti-E\u0301nekkar_2022@MNF_foto\u0301_Csibi-Szilvia-2_kis-meret-1-1600x722.jpg","width":1600,"height":722,"mime-type":"image\/jpeg","filesize":203261,"source_url":"https:\/\/www.filharmonikusok.hu\/wp-content\/uploads\/2025\/04\/Nemzeti-E\u0301nekkar_2022@MNF_foto\u0301_Csibi-Szilvia-2_kis-meret-1-1600x722.jpg"}},"image_meta":{"aperture":"0","credit":"","camera":"","caption":"","created_timestamp":"1764859488","copyright":"","focal_length":"0","iso":"0","shutter_speed":"0","title":"","orientation":"0","keywords":[]},"original_image":"Nemzeti-E\u0301nekkar_2022@MNF_foto\u0301_Csibi-Szilvia-2_kis-meret-1.jpg"},"post":124333,"source_url":"https:\/\/www.filharmonikusok.hu\/wp-content\/uploads\/2025\/04\/Nemzeti-E\u0301nekkar_2022@MNF_foto\u0301_Csibi-Szilvia-2_kis-meret-1-scaled.jpg"},"translation":{"provider":"WPGlobus","version":"3.0.2","language":"en","enabled_languages":["hu","en"],"languages":{"hu":{"title":true,"content":true,"excerpt":false},"en":{"title":true,"content":true,"excerpt":false}}},"acf":{"alcim":"Our members, <a href=\"#enekkarunk-tortenete\">our history<\/a>","bevezeto_szoveg":""},"publishpress_future_action":{"enabled":false,"date":"2026-04-28 10:13:19","action":"change-status","newStatus":"draft","terms":[],"taxonomy":"","extraData":[]},"publishpress_future_workflow_manual_trigger":{"enabledWorkflows":[]},"_links":{"self":[{"href":"https:\/\/www.filharmonikusok.hu\/en\/wp-json\/wp\/v2\/pages\/78089","targetHints":{"allow":["GET"]}}],"collection":[{"href":"https:\/\/www.filharmonikusok.hu\/en\/wp-json\/wp\/v2\/pages"}],"about":[{"href":"https:\/\/www.filharmonikusok.hu\/en\/wp-json\/wp\/v2\/types\/page"}],"author":[{"embeddable":true,"href":"https:\/\/www.filharmonikusok.hu\/en\/wp-json\/wp\/v2\/users\/1"}],"replies":[{"embeddable":true,"href":"https:\/\/www.filharmonikusok.hu\/en\/wp-json\/wp\/v2\/comments?post=78089"}],"version-history":[{"count":24,"href":"https:\/\/www.filharmonikusok.hu\/en\/wp-json\/wp\/v2\/pages\/78089\/revisions"}],"predecessor-version":[{"id":126279,"href":"https:\/\/www.filharmonikusok.hu\/en\/wp-json\/wp\/v2\/pages\/78089\/revisions\/126279"}],"up":[{"embeddable":true,"href":"https:\/\/www.filharmonikusok.hu\/en\/wp-json\/wp\/v2\/pages\/5"}],"wp:featuredmedia":[{"embeddable":true,"href":"https:\/\/www.filharmonikusok.hu\/en\/wp-json\/wp\/v2\/media\/126277"}],"wp:attachment":[{"href":"https:\/\/www.filharmonikusok.hu\/en\/wp-json\/wp\/v2\/media?parent=78089"}],"curies":[{"name":"wp","href":"https:\/\/api.w.org\/{rel}","templated":true}]}}