{"id":78067,"date":"2016-07-18T07:26:48","date_gmt":"2016-07-18T07:26:48","guid":{"rendered":"http:\/\/www.filharmonikusok.hu\/?page_id=78067"},"modified":"2025-09-04T08:54:01","modified_gmt":"2025-09-04T08:54:01","slug":"jegyarak-kedvezmenyek","status":"publish","type":"page","link":"https:\/\/www.filharmonikusok.hu\/en\/jegyek\/jegyarak-kedvezmenyek\/","title":{"rendered":"Ticket Prices and Discounts"},"content":{"rendered":"<p><strong>Beethoven in the Park<\/strong><br \/>\nMartonv\u00e1s\u00e1r 2025<br \/>\nTicket prices<br \/>\nHUF 5,900<br \/>\nHUF 4,900<br \/>\nHUF 3,900<\/p>\n<p>Ticket discounts are not valid.<\/p>\n<p>&nbsp;<\/p>\n<p><strong><u>TICKET PRICES\u00a0 <\/u><\/strong><strong><u>2025\/26 SEASON<\/u><\/strong><\/p>\n<p>Kocsis season ticket (five concerts)<br \/>\nM\u00fcpa Budapest, B\u00e9la Bart\u00f3k National Concert Hall<strong><br \/>\n<\/strong>Tickets: <em>HUF 33,000 \/ 28,500 \/ 22,500 \/ 19,500 \/ 15,000\u00a0<\/em><\/p>\n<p>Opera season ticket (three concerts)<br \/>\nM\u00fcpa Budapest, B\u00e9la Bart\u00f3k National Concert Hall<strong><br \/>\n<\/strong>Tickets: <em>HUF 22,500 \/ 18,000 \/ 15,500 \/ 13,500 \/ 10,000\u00a0<\/em><\/p>\n<p>Ferencsik season ticket (five concerts)<br \/>\nFranz Liszt Academy of Music<br \/>\nTickets:<em> HUF 30,000 \/ 25,500 \/ 21,500 \/ 18,000<\/em><\/p>\n<p>Luk\u00e1cs season ticket (three concerts)<br \/>\nVigad\u00f3 Concert Hall Ceremonial Hall<br \/>\nTickets: <em>HUF\u00a0 12,000 \/ 10,000<\/em><\/p>\n<p>P\u00e1szti season ticket (four concerts)<br \/>\nVigad\u00f3 Concert Hall Ceremonial Hall<br \/>\nTickets: <em>HUF\u00a0 15,500 \/ 13,000<\/em><\/p>\n<p>Rehearsal Room season ticket (four concerts)<br \/>\nM\u00fcpa Budapest, Zolt\u00e1n Kocsis Hall, rehearsal room of the Hungarian National Philharmonic Orchestra<\/p>\n<p>Tickets:<em> HUF 10,000, open seating<\/em><\/p>\n<p>&nbsp;<\/p>\n<p>&nbsp;<\/p>\n<p>Ticket prices<\/p>\n<p>M\u00fcpa Budapest, B\u00e9la Bart\u00f3k National Concert Hall<br \/>\nTickets for the Kocsis season ticket:\u00a0<em>HUF 11,000 \/ 9,500 \/ 7,500 \/ 6,000 \/ 4,500<\/em><br \/>\nTicket prices for opera season ticket concerts and non-ticketed concerts: <em>HUF\u00a0 12,500 \/ 10,000 \/ 8,500 \/ 7,500 \/ 5,500<\/em><\/p>\n<p>Franz Liszt Academy of Music, Grand Hall<br \/>\nTickets: <em>HUF 10,000 \/ 8,500 \/ 7,500 \/ 6,000<\/em><\/p>\n<p>Vigad\u00f3 Concert Hall, Ceremonial Hall<br \/>\nTickets:<em> HUF 6,500 \/ 5,500 <\/em><\/p>\n<p>M\u00fcpa Budapest<br \/>\nZolt\u00e1n Kocsis Hall, rehearsal room of the Hungarian National Philharmonic Orchestra<br \/>\nTickets:<em> HUF 4,000, open seating<\/em><\/p>\n<p>&nbsp;<\/p>\n<p><u>LOYALTY DISCOUNT<\/u><\/p>\n<p>If you buy tickets at the same time for at least six different performances: 30%<br \/>\nIf you buy tickets at the same time for at least four different performances: 20%<\/p>\n<p>&nbsp;<\/p>\n","protected":false},"excerpt":{"rendered":"<p>Beethoven in the Park Martonv\u00e1s\u00e1r 2025 Ticket prices HUF 5,900 HUF 4,900 HUF 3,900 Ticket discounts are not valid. &nbsp; TICKET PRICES\u00a0 2025\/26 SEASON Kocsis season ticket (five concerts) M\u00fcpa Budapest, B\u00e9la Bart\u00f3k National Concert Hall Tickets: HUF 33,000 \/ 28,500 \/ 22,500 \/ 19,500 \/ 15,000\u00a0 Opera season ticket (three concerts) M\u00fcpa Budapest, B\u00e9la [&hellip;]<\/p>\n","protected":false},"author":1,"featured_media":0,"parent":199,"menu_order":0,"comment_status":"closed","ping_status":"closed","template":"","meta":{"_acf_changed":false,"_monsterinsights_skip_tracking":false,"_monsterinsights_sitenote_active":false,"_monsterinsights_sitenote_note":"","_monsterinsights_sitenote_category":0,"footnotes":""},"class_list":["post-78067","page","type-page","status-publish","hentry"],"better_featured_image":null,"translation":{"provider":"WPGlobus","version":"3.0.2","language":"en","enabled_languages":["hu","en"],"languages":{"hu":{"title":true,"content":true,"excerpt":false},"en":{"title":true,"content":true,"excerpt":false}}},"acf":[],"publishpress_future_action":{"enabled":false,"date":"2026-04-12 13:51:33","action":"change-status","newStatus":"draft","terms":[],"taxonomy":"","extraData":[]},"publishpress_future_workflow_manual_trigger":{"enabledWorkflows":[]},"_links":{"self":[{"href":"https:\/\/www.filharmonikusok.hu\/en\/wp-json\/wp\/v2\/pages\/78067","targetHints":{"allow":["GET"]}}],"collection":[{"href":"https:\/\/www.filharmonikusok.hu\/en\/wp-json\/wp\/v2\/pages"}],"about":[{"href":"https:\/\/www.filharmonikusok.hu\/en\/wp-json\/wp\/v2\/types\/page"}],"author":[{"embeddable":true,"href":"https:\/\/www.filharmonikusok.hu\/en\/wp-json\/wp\/v2\/users\/1"}],"replies":[{"embeddable":true,"href":"https:\/\/www.filharmonikusok.hu\/en\/wp-json\/wp\/v2\/comments?post=78067"}],"version-history":[{"count":113,"href":"https:\/\/www.filharmonikusok.hu\/en\/wp-json\/wp\/v2\/pages\/78067\/revisions"}],"predecessor-version":[{"id":125049,"href":"https:\/\/www.filharmonikusok.hu\/en\/wp-json\/wp\/v2\/pages\/78067\/revisions\/125049"}],"up":[{"embeddable":true,"href":"https:\/\/www.filharmonikusok.hu\/en\/wp-json\/wp\/v2\/pages\/199"}],"wp:attachment":[{"href":"https:\/\/www.filharmonikusok.hu\/en\/wp-json\/wp\/v2\/media?parent=78067"}],"curies":[{"name":"wp","href":"https:\/\/api.w.org\/{rel}","templated":true}]}}