{"id":69,"date":"2016-06-20T08:04:35","date_gmt":"2016-06-20T08:04:35","guid":{"rendered":"http:\/\/www.filharmonikusok.hu\/?page_id=69"},"modified":"2017-08-13T13:55:01","modified_gmt":"2017-08-13T13:55:01","slug":"megkozelites-parkolas","status":"publish","type":"page","link":"https:\/\/www.filharmonikusok.hu\/en\/megkozelites-parkolas\/","title":{"rendered":"Getting there"},"content":{"rendered":"<p><strong>By car<\/strong><\/p>\n<p>The Palace of Arts is located in the area bordered by the Danube and Soroks\u00e1ri \u00fat, next to the Buda side of R\u00e1k\u00f3czi Bridge. The outdoor parking lot can be accessed on the service road parallel with Soroks\u00e1ri \u00fat. The underground car park can be accessed by driving around to the left of the building in Laczkovich utca.<\/p>\n<p>M\u00fcpa provides <strong>complementary parking<\/strong> in both the outdoor parking lot and the underground garage parking for visitors with a paid ticket to any of our public performances on the day of the performance. If you fail to leave the underground garage with your vehicle before the building closes, you will be charged the standard hourly rate of HUF250.<\/p>\n<p>Visitors can validate their parking tickets in the parking ticket machines available in the underground parking. M\u00fcpa staff will be happy to help you in the ticket offices when buying or collecting your concert ticket.<\/p>\n<p>Please retain your ticket to the programme you attended, since you will be asked to produce it to the attendant.<\/p>\n<p>Further important information about validating tickets and parking can be found <a href=\"https:\/\/www.mupa.hu\/en\/contact\">here<\/a>.<\/p>\n<p>&nbsp;<\/p>\n<p><strong>Bus Number Route Stop<\/strong><\/p>\n<p>103<\/p>\n<p>Etele t\u00e9r, Kelenf\u00f6ldi pu. \u2013 N\u00e9pliget<\/p>\n<p>K\u00f6zv\u00e1g\u00f3h\u00edd<\/p>\n<p>54<\/p>\n<p>Pestszentimre, \u00dcltetv\u00e9ny u. \u2013 Bor\u00e1ros t\u00e9r<\/p>\n<p>K\u00f6zv\u00e1g\u00f3h\u00edd<\/p>\n<p><strong>Tram<\/strong><\/p>\n<p>1<\/p>\n<p>B\u00e9csi \u00fat \u2013 K\u00f6zv\u00e1g\u00f3h\u00edd<\/p>\n<p>K\u00f6zv\u00e1g\u00f3h\u00edd<\/p>\n<p>2<\/p>\n<p>J\u00e1szai Mari t\u00e9r \u2013 K\u00f6zv\u00e1g\u00f3h\u00edd<\/p>\n<p>Millenniumi Kultur\u00e1lis K\u00f6zpont<\/p>\n<p>4<\/p>\n<p>Moszkva t\u00e9r \u2013 L\u00e1gym\u00e1nyosi lak\u00f3telep, Feh\u00e9rv\u00e1ri \u00fat<\/p>\n<p>Bor\u00e1ros t\u00e9r (change to the number 2 tram)<\/p>\n","protected":false},"excerpt":{"rendered":"<p>By car The Palace of Arts is located in the area bordered by the Danube and Soroks\u00e1ri \u00fat, next to the Buda side of R\u00e1k\u00f3czi Bridge. The outdoor parking lot can be accessed on the service road parallel with Soroks\u00e1ri \u00fat. The underground car park can be accessed by driving around to the left of [&hellip;]<\/p>\n","protected":false},"author":1,"featured_media":0,"parent":0,"menu_order":0,"comment_status":"closed","ping_status":"closed","template":"template-transport-information.php","meta":{"_acf_changed":false,"_monsterinsights_skip_tracking":false,"_monsterinsights_sitenote_active":false,"_monsterinsights_sitenote_note":"","_monsterinsights_sitenote_category":0,"footnotes":""},"class_list":["post-69","page","type-page","status-publish","hentry"],"better_featured_image":null,"translation":{"provider":"WPGlobus","version":"3.0.2","language":"en","enabled_languages":["hu","en"],"languages":{"hu":{"title":true,"content":true,"excerpt":false},"en":{"title":true,"content":true,"excerpt":false}}},"acf":{"autobusz":[{"jarat":"103","utvonal":"Etele t\u00e9r, Kelenf\u00f6ldi pu. \u2013 N\u00e9pliget","megallo":"K\u00f6zv\u00e1g\u00f3h\u00edd"},{"jarat":"54","utvonal":"Pestszentimre, \u00dcltetv\u00e9ny u. \u2013 Bor\u00e1ros t\u00e9r","megallo":"K\u00f6zv\u00e1g\u00f3h\u00edd"}],"villamos":[{"jarat":"1","utvonal":"B\u00e9csi \u00fat \u2013 K\u00f6zv\u00e1g\u00f3h\u00edd","megallo":"K\u00f6zv\u00e1g\u00f3h\u00edd"},{"jarat":"2","utvonal":"J\u00e1szai Mari t\u00e9r \u2013 K\u00f6zv\u00e1g\u00f3h\u00edd","megallo":"Millenniumi Kultur\u00e1lis K\u00f6zpont"},{"jarat":"4","utvonal":"Moszkva t\u00e9r \u2013 L\u00e1gym\u00e1nyosi lak\u00f3telep, Feh\u00e9rv\u00e1ri \u00fat","megallo":"Bor\u00e1ros t\u00e9r (\u00e1tsz\u00e1ll\u00e1s a 2-es villamosra)"}]},"publishpress_future_action":{"enabled":false,"date":"2026-04-29 14:49:50","action":"change-status","newStatus":"draft","terms":[],"taxonomy":"","extraData":[]},"publishpress_future_workflow_manual_trigger":{"enabledWorkflows":[]},"_links":{"self":[{"href":"https:\/\/www.filharmonikusok.hu\/en\/wp-json\/wp\/v2\/pages\/69","targetHints":{"allow":["GET"]}}],"collection":[{"href":"https:\/\/www.filharmonikusok.hu\/en\/wp-json\/wp\/v2\/pages"}],"about":[{"href":"https:\/\/www.filharmonikusok.hu\/en\/wp-json\/wp\/v2\/types\/page"}],"author":[{"embeddable":true,"href":"https:\/\/www.filharmonikusok.hu\/en\/wp-json\/wp\/v2\/users\/1"}],"replies":[{"embeddable":true,"href":"https:\/\/www.filharmonikusok.hu\/en\/wp-json\/wp\/v2\/comments?post=69"}],"version-history":[{"count":18,"href":"https:\/\/www.filharmonikusok.hu\/en\/wp-json\/wp\/v2\/pages\/69\/revisions"}],"predecessor-version":[{"id":102791,"href":"https:\/\/www.filharmonikusok.hu\/en\/wp-json\/wp\/v2\/pages\/69\/revisions\/102791"}],"wp:attachment":[{"href":"https:\/\/www.filharmonikusok.hu\/en\/wp-json\/wp\/v2\/media?parent=69"}],"curies":[{"name":"wp","href":"https:\/\/api.w.org\/{rel}","templated":true}]}}