{"id":5,"date":"2016-06-07T12:01:40","date_gmt":"2016-06-07T12:01:40","guid":{"rendered":"http:\/\/www.filharmonikusok.hu\/?page_id=5"},"modified":"2017-08-01T13:45:05","modified_gmt":"2017-08-01T13:45:05","slug":"bemutatkozunk","status":"publish","type":"page","link":"https:\/\/www.filharmonikusok.hu\/en\/bemutatkozunk\/","title":{"rendered":"About us"},"content":{"rendered":"<p>***1952-ben korm\u00e1nyrendelet hozta l\u00e9tre az <strong>Orsz\u00e1gos Filharm\u00f3ni\u00e1t<\/strong>, melynek feladat\u00e1ul az orsz\u00e1g hangverseny\u00e9let\u00e9nek megszervez\u00e9s\u00e9t, az ifj\u00fas\u00e1g iskol\u00e1n k\u00edv\u00fcli nevel\u00e9s\u00e9t, a klasszikus zeneirodalom, a magyar \u00e9s kort\u00e1rs szerz\u0151k m\u0171veinek magas szint\u0171 tolm\u00e1csol\u00e1s\u00e1t jel\u00f6lte ki.<\/p>\n<p>A feladat ell\u00e1t\u00e1s\u00e1hoz rendelte hozz\u00e1 a Sz\u00e9kesf\u0151v\u00e1rosi Zenekar alapjain szervez\u0151d\u0151 zenekart (Budapesti Hangversenyzenekar) \u00faj nev\u00e9n: <strong>Magyar \u00c1llami Hangversenyzenekart<\/strong>, illetve l\u00e9trehozta a Kottat\u00e1rat a kottaell\u00e1t\u00e1sra. Az \u00c1llami N\u00e9pi Egy\u00fcttesb\u0151l alakult \u00c1llami \u00c9nekkar 1986-ban lett az int\u00e9zm\u00e9nye r\u00e9sze. Az Orsz\u00e1gos Filharm\u00f3nia jogut\u00f3dak\u00e9nt 1998-ban alakult a jelenlegi nev\u00e9n MNF Nemzeti Filharmonikus Zenekar, \u00c9nekkar \u00e9s Kottat\u00e1r Nonprofit Kft., kiemelt nemzeti kultur\u00e1lis alapint\u00e9zm\u00e9ny.<\/p>\n<p>A 106 tag\u00fa szimfonikus zenekar \u00e9s a 80 tag\u00fa Nemzeti \u00c9nekkar k\u00f6z\u00f6s m\u00e1rkaneve a <strong>Nemzeti Filharmonikusok.<\/strong><\/p>\n","protected":false},"excerpt":{"rendered":"<p>***1952-ben korm\u00e1nyrendelet hozta l\u00e9tre az Orsz\u00e1gos Filharm\u00f3ni\u00e1t, melynek feladat\u00e1ul az orsz\u00e1g hangverseny\u00e9let\u00e9nek megszervez\u00e9s\u00e9t, az ifj\u00fas\u00e1g iskol\u00e1n k\u00edv\u00fcli nevel\u00e9s\u00e9t, a klasszikus zeneirodalom, a magyar \u00e9s kort\u00e1rs szerz\u0151k m\u0171veinek magas szint\u0171 tolm\u00e1csol\u00e1s\u00e1t jel\u00f6lte ki. A feladat ell\u00e1t\u00e1s\u00e1hoz rendelte hozz\u00e1 a Sz\u00e9kesf\u0151v\u00e1rosi Zenekar alapjain szervez\u0151d\u0151 zenekart (Budapesti Hangversenyzenekar) \u00faj nev\u00e9n: Magyar \u00c1llami Hangversenyzenekart, illetve l\u00e9trehozta a Kottat\u00e1rat a [&hellip;]<\/p>\n","protected":false},"author":1,"featured_media":0,"parent":0,"menu_order":0,"comment_status":"closed","ping_status":"closed","template":"","meta":{"_acf_changed":false,"_monsterinsights_skip_tracking":false,"_monsterinsights_sitenote_active":false,"_monsterinsights_sitenote_note":"","_monsterinsights_sitenote_category":0,"footnotes":""},"class_list":["post-5","page","type-page","status-publish","hentry"],"better_featured_image":null,"translation":{"provider":"WPGlobus","version":"3.0.2","language":"en","enabled_languages":["hu","en"],"languages":{"hu":{"title":true,"content":true,"excerpt":false},"en":{"title":true,"content":true,"excerpt":false}}},"acf":[],"publishpress_future_action":{"enabled":false,"date":"2026-04-21 07:44:40","action":"change-status","newStatus":"draft","terms":[],"taxonomy":"","extraData":[]},"publishpress_future_workflow_manual_trigger":{"enabledWorkflows":[]},"_links":{"self":[{"href":"https:\/\/www.filharmonikusok.hu\/en\/wp-json\/wp\/v2\/pages\/5","targetHints":{"allow":["GET"]}}],"collection":[{"href":"https:\/\/www.filharmonikusok.hu\/en\/wp-json\/wp\/v2\/pages"}],"about":[{"href":"https:\/\/www.filharmonikusok.hu\/en\/wp-json\/wp\/v2\/types\/page"}],"author":[{"embeddable":true,"href":"https:\/\/www.filharmonikusok.hu\/en\/wp-json\/wp\/v2\/users\/1"}],"replies":[{"embeddable":true,"href":"https:\/\/www.filharmonikusok.hu\/en\/wp-json\/wp\/v2\/comments?post=5"}],"version-history":[{"count":14,"href":"https:\/\/www.filharmonikusok.hu\/en\/wp-json\/wp\/v2\/pages\/5\/revisions"}],"predecessor-version":[{"id":126278,"href":"https:\/\/www.filharmonikusok.hu\/en\/wp-json\/wp\/v2\/pages\/5\/revisions\/126278"}],"wp:attachment":[{"href":"https:\/\/www.filharmonikusok.hu\/en\/wp-json\/wp\/v2\/media?parent=5"}],"curies":[{"name":"wp","href":"https:\/\/api.w.org\/{rel}","templated":true}]}}