{"id":15,"date":"2016-06-13T11:57:04","date_gmt":"2016-06-13T11:57:04","guid":{"rendered":"http:\/\/www.filharmonikusok.hu\/?page_id=15"},"modified":"2022-08-25T14:43:16","modified_gmt":"2022-08-25T14:43:16","slug":"impresszum","status":"publish","type":"page","link":"https:\/\/www.filharmonikusok.hu\/en\/impresszum\/","title":{"rendered":"Imprint"},"content":{"rendered":"<p>This website is the property of MNF Magyar Nemzeti Filharmonikus Zenekar, \u00c9nekkar \u00e9s Kottat\u00e1r Nonprofit Kft<\/p>\n<p>(Hungarian National Philharmonic Orchestra, Choir and Music Library)<\/p>\n<p>H-1095 Budapest Komor Marcell u. 1., Hungary<\/p>\n<p>Telephone: +36 1 411 6600<\/p>\n<p>E-mail: <a href=\"mailto:info@filharmonikusok.hu\">info@filharmonikusok.hu<\/a><\/p>\n<p>&nbsp;<\/p>\n<p>This website is managed by Brandlift Kft.<\/p>\n<p>Telephone: +36 1 950 5171<\/p>\n<p>E-mail: <a href=\"mailto:hello@brandlift.eu\">hello@brandlift.eu<\/a><\/p>\n<p>&nbsp;<\/p>\n<p>The MNF is maintained by the Ministry of Human Resources<\/p>\n<p><img loading=\"lazy\" decoding=\"async\" class=\"alignnone size-full wp-image-103500\" src=\"http:\/\/www.filharmonikusok.hu\/wp-content\/uploads\/2016\/06\/EEM-logo_en.jpg\" alt=\"\" width=\"105\" height=\"75\" \/><\/p>\n","protected":false},"excerpt":{"rendered":"<p>This website is the property of MNF Magyar Nemzeti Filharmonikus Zenekar, \u00c9nekkar \u00e9s Kottat\u00e1r Nonprofit Kft (Hungarian National Philharmonic Orchestra, Choir and Music Library) H-1095 Budapest Komor Marcell u. 1., Hungary Telephone: +36 1 411 6600 E-mail: info@filharmonikusok.hu &nbsp; This website is managed by Brandlift Kft. Telephone: +36 1 950 5171 E-mail: hello@brandlift.eu &nbsp; The [&hellip;]<\/p>\n","protected":false},"author":1,"featured_media":0,"parent":0,"menu_order":0,"comment_status":"closed","ping_status":"closed","template":"","meta":{"_acf_changed":false,"_monsterinsights_skip_tracking":false,"_monsterinsights_sitenote_active":false,"_monsterinsights_sitenote_note":"","_monsterinsights_sitenote_category":0,"footnotes":""},"class_list":["post-15","page","type-page","status-publish","hentry"],"better_featured_image":null,"translation":{"provider":"WPGlobus","version":"3.0.2","language":"en","enabled_languages":["hu","en"],"languages":{"hu":{"title":true,"content":true,"excerpt":false},"en":{"title":true,"content":true,"excerpt":false}}},"acf":[],"publishpress_future_action":{"enabled":false,"date":"2026-04-29 15:11:17","action":"change-status","newStatus":"draft","terms":[],"taxonomy":"","extraData":[]},"publishpress_future_workflow_manual_trigger":{"enabledWorkflows":[]},"_links":{"self":[{"href":"https:\/\/www.filharmonikusok.hu\/en\/wp-json\/wp\/v2\/pages\/15","targetHints":{"allow":["GET"]}}],"collection":[{"href":"https:\/\/www.filharmonikusok.hu\/en\/wp-json\/wp\/v2\/pages"}],"about":[{"href":"https:\/\/www.filharmonikusok.hu\/en\/wp-json\/wp\/v2\/types\/page"}],"author":[{"embeddable":true,"href":"https:\/\/www.filharmonikusok.hu\/en\/wp-json\/wp\/v2\/users\/1"}],"replies":[{"embeddable":true,"href":"https:\/\/www.filharmonikusok.hu\/en\/wp-json\/wp\/v2\/comments?post=15"}],"version-history":[{"count":30,"href":"https:\/\/www.filharmonikusok.hu\/en\/wp-json\/wp\/v2\/pages\/15\/revisions"}],"predecessor-version":[{"id":108686,"href":"https:\/\/www.filharmonikusok.hu\/en\/wp-json\/wp\/v2\/pages\/15\/revisions\/108686"}],"wp:attachment":[{"href":"https:\/\/www.filharmonikusok.hu\/en\/wp-json\/wp\/v2\/media?parent=15"}],"curies":[{"name":"wp","href":"https:\/\/api.w.org\/{rel}","templated":true}]}}