{"id":108316,"date":"2018-10-29T15:56:28","date_gmt":"2018-10-29T15:56:28","guid":{"rendered":"http:\/\/www.filharmonikusok.hu\/?page_id=108316"},"modified":"2018-11-21T22:45:19","modified_gmt":"2018-11-21T22:45:19","slug":"karacsonyi-vasar-a-nemzeti-filharmonikusokkal-ajandekkartya-es-kedvezmenyes-koncertjegyek","status":"publish","type":"page","link":"https:\/\/www.filharmonikusok.hu\/en\/karacsonyi-vasar-a-nemzeti-filharmonikusokkal-ajandekkartya-es-kedvezmenyes-koncertjegyek\/","title":{"rendered":"Kar\u00e1csonyi v\u00e1s\u00e1r a Nemzeti Filharmonikusokkal &#8211; Aj\u00e1nd\u00e9kk\u00e1rtya \u00e9s kedvezm\u00e9nyes koncertjegyek"},"content":{"rendered":"<p><video autoplay=\"autoplay\" loop=\"loop\" width=\"100%\" height=\"auto\"><span style=\"display: inline-block; width: 0px; overflow: hidden; line-height: 0;\" data-mce-type=\"bookmark\" class=\"mce_SELRES_start\">\ufeff<\/span><source src=\"\/wp-content\/uploads\/2018\/11\/NFZ-Alle-jegy-jav-10.26.mp4\" type=\"video\/mp4\" \/><\/video><\/p>\n<p><strong>KAR\u00c1CSONYI V\u00c1S\u00c1R A NEMZETI FILHARMONIKUSOKKAL<\/strong><\/p>\n<p style=\"text-align: left;\"><strong>Novemberben \u00e9s decemberben v\u00e1rjuk \u00d6n\u00f6ket jegy\u00e9rt\u00e9kes\u00edt\u0151 pultunkn\u00e1l az Allee Bev\u00e1s\u00e1rl\u00f3k\u00f6zpont I. emelet\u00e9n.\u00a0 <\/strong><\/p>\n<p style=\"text-align: left;\"><strong>Nyitva a h\u00e9t minden napj\u00e1n\u00a010-19 \u00f3r\u00e1ig.<\/strong><\/p>\n<p style=\"text-align: left;\">\u00c9v eleji k\u00fcl\u00f6nleges aj\u00e1nlatok, tavaszi hangversenyek a M\u00fcp\u00e1ban, a Zeneakad\u00e9mi\u00e1n, a Pesti Vigad\u00f3ban, a Budapesti Olasz Kult\u00farint\u00e9zetben, a Festetics Palot\u00e1ban, a M\u00e1ty\u00e1s-templomban \u00e9s a V\u00e1rkert Baz\u00e1rban.<\/p>\n<p>Kar\u00e1csonyi kedvezm\u00e9ny\u00fcnk:<\/p>\n<ul>\n<li>Minimum 4 k\u00fcl\u00f6nb\u00f6z\u0151 koncertre tetsz\u0151leges sz\u00e1m\u00fa jegy egyidej\u0171leg t\u00f6rt\u00e9n\u0151 v\u00e1s\u00e1rl\u00e1sa eset\u00e9n 15%<\/li>\n<li>Minimum 5 k\u00fcl\u00f6nb\u00f6z\u0151 koncertre tetsz\u0151leges sz\u00e1m\u00fa jegy egyidej\u0171leg t\u00f6rt\u00e9n\u0151 v\u00e1s\u00e1rl\u00e1sa eset\u00e9n 25%<\/li>\n<li>Minimum 6 k\u00fcl\u00f6nb\u00f6z\u0151 koncertre tetsz\u0151leges sz\u00e1m\u00fa jegy egyidej\u0171leg t\u00f6rt\u00e9n\u0151 v\u00e1s\u00e1rl\u00e1sa eset\u00e9n 35%<\/li>\n<li>Minimum 7 k\u00fcl\u00f6nb\u00f6z\u0151 koncertre tetsz\u0151leges sz\u00e1m\u00fa jegy egyidej\u0171leg t\u00f6rt\u00e9n\u0151 v\u00e1s\u00e1rl\u00e1sa eset\u00e9n 40%<\/li>\n<\/ul>\n<p>Jegy\u00e9rt\u00e9kes\u00edt\u0151 pultunkn\u00e1l d\u00edszcsomagol\u00e1sban szerezhetik be koncertjegyeiket, melyeket k\u00e9szp\u00e9nzzel, bankk\u00e1rty\u00e1val, Sz\u00e9p-k\u00e1rty\u00e1kkal \u00e9s Erzs\u00e9bet utalv\u00e1nyokkal is fizethetnek.<\/p>\n<p style=\"text-align: center;\"><a class=\"yellow-btn\" href=\"https:\/\/nfz.jegy.hu\/?event_disabler=274\" target=\"_blank\" rel=\"noopener\">JEGYV\u00c1S\u00c1RL\u00c1S<\/a><\/p>\n<p>Jegyek v\u00e1s\u00e1rolhat\u00f3k:<\/p>\n<ul>\n<li>novemberben \u00e9s decemberben az Allee I. emelet\u00e9n jegy\u00e9rt\u00e9kes\u00edt\u0151 pultunkn\u00e1l (minden nap 10-19 \u00f3r\u00e1ig)<\/li>\n<li>online a www.filharmonikusok.hu weboldalon<\/li>\n<li>a M\u00fcpa, a Zeneakad\u00e9mia, a Pesti Vigad\u00f3 jegyp\u00e9nzt\u00e1raiban<\/li>\n<li>az InterTicket orsz\u00e1gos jegyirodai h\u00e1l\u00f3zat\u00e1ban<\/li>\n<\/ul>\n<p>Az interneten v\u00e1s\u00e1rolt bel\u00e9p\u0151k elektronikus jegyek (e-ticket).<\/p>\n<p>K\u00e9rj\u00fck, minden megv\u00e1s\u00e1rolt jegyhez egyenk\u00e9nt nyomtassa ki az elk\u00fcld\u00f6tt PDF dokumentumot!<\/p>\n<p><strong><br \/>\nNEMZETI FILHARMONIKUSOK AJ\u00c1ND\u00c9KK\u00c1RTYA<\/strong><\/p>\n<p>Aj\u00e1nd\u00e9kozzon zenei \u00e9lm\u00e9nyt szeretteinek egyszer\u0171en, st\u00edlusosan!<\/p>\n<p>Aj\u00e1nd\u00e9kk\u00e1rty\u00e1nkkal a Nemzeti Filharmonikus Zenekar \u00e9s a Nemzeti \u00c9nekkar 2018\/2019. \u00e9vad\u00e1nak koncertjeire v\u00e1s\u00e1rolhat\u00f3k jegyek, a k\u00e1rtya tetsz\u0151leges \u00f6sszeggel t\u00f6lthet\u0151 fel \u00e9s a rajta l\u00e9v\u0151 kredit \u00e9vadunk v\u00e9g\u00e9ig haszn\u00e1lhat\u00f3 fel.<\/p>\n<p>Az Aj\u00e1nd\u00e9kk\u00e1rtya k\u00e9szp\u00e9nzzel \u00e9s bankk\u00e1rty\u00e1val v\u00e1s\u00e1rolhat\u00f3 online a www.filharmonikusok.hu oldalon \u00e9s jegy\u00e9rt\u00e9kes\u00edt\u0151 pultunkn\u00e1l az Allee I. emelet\u00e9n november \u00e9s december h\u00f3napban.<\/p>\n<p><a class=\"yellow-btn\" href=\"https:\/\/nfz.jegy.hu\/gift\" target=\"_blank\" rel=\"noopener\">AJ\u00c1ND\u00c9KK\u00c1RTYA V\u00c1S\u00c1RL\u00c1S<\/a><\/p>\n<p>ONLINE FELHASZN\u00c1L\u00c1S:<\/p>\n<p>Online jegyv\u00e1s\u00e1rl\u00e1s eset\u00e9n a jegyv\u00e1s\u00e1rl\u00e1si fel\u00fclet\u00e9n (nfz.jegy.hu) a megv\u00e1s\u00e1rolni k\u00edv\u00e1nt jegyek kos\u00e1rba helyez\u00e9se ut\u00e1n az Aj\u00e1nd\u00e9kk\u00e1rty\u00e1t fizet\u0151eszk\u00f6zk\u00e9nt haszn\u00e1lhatja: az Aj\u00e1nd\u00e9kutalv\u00e1ny felhaszn\u00e1l\u00e1sa mez\u0151be g\u00e9pelje be a k\u00e1rty\u00e1n tal\u00e1lhat\u00f3 vonalk\u00f3d sorsz\u00e1m\u00e1t. Amennyiben a k\u00e1rty\u00e1n l\u00e9v\u0151 \u00f6sszeg kisebb, mint a v\u00e1s\u00e1rolni k\u00edv\u00e1nt jegyek \u00e9rt\u00e9ke, \u00fagy a fennmaradt \u00f6sszeget bankk\u00e1rty\u00e1val egyenl\u00edtheti ki. Amennyiben a k\u00e1rty\u00e1n l\u00e9v\u0151 \u00f6sszeg nagyobb, mint a v\u00e1s\u00e1rolni k\u00edv\u00e1nt jegyek \u00e9rt\u00e9ke, \u00fagy a megmaradt \u00f6sszeget felhaszn\u00e1lhatja egy k\u00e9s\u0151bbi v\u00e1s\u00e1rl\u00e1s alkalm\u00e1val.<\/p>\n<p>SZEM\u00c9LYES FELHASZN\u00c1L\u00c1S:<\/p>\n<p>Az Aj\u00e1nd\u00e9kk\u00e1rty\u00e1val a Nemzeti Filharmonikusok jegy\u00e9rt\u00e9kes\u00edt\u0151 pontjain szem\u00e9lyesen is v\u00e1s\u00e1rolhat koncertjegyet. Amennyiben a k\u00e1rty\u00e1n l\u00e9v\u0151 \u00f6sszeg kisebb, mint a v\u00e1s\u00e1rolni k\u00edv\u00e1nt jegyek \u00e9rt\u00e9ke, \u00fagy a fennmaradt \u00f6sszeget b\u00e1rmilyen m\u00e1s fizet\u00e9si m\u00f3don kiegyenl\u00edtheti. Amennyiben a k\u00e1rty\u00e1n l\u00e9v\u0151 \u00f6sszeg nagyobb, mint a v\u00e1s\u00e1rolni k\u00edv\u00e1nt jegyek \u00e9rt\u00e9ke, \u00fagy a megmaradt \u00f6sszeget felhaszn\u00e1lhatja egy k\u00e9s\u0151bbi v\u00e1s\u00e1rl\u00e1s alkalm\u00e1val.<\/p>\n<p>A m\u0171vekr\u0151l \u00e9s jegyv\u00e1s\u00e1rl\u00e1sr\u00f3l b\u0151vebb inform\u00e1ci\u00f3 honlapunkon.<\/p>\n<p>A k\u00f6zrem\u0171k\u00f6d\u0151k \u00e9s a m\u0171sor v\u00e1ltoztat\u00e1s\u00e1nak jog\u00e1t fenntartjuk.<\/p>\n<p>NEMZETI FILHARMONIKUSOK<br \/>\n1095 Budapest, Komor Marcell u. 1.<br \/>\n+ 36 1 411 6600<br \/>\ninfo@filharmonikusok.hu<\/p>\n","protected":false},"excerpt":{"rendered":"<p>\ufeff KAR\u00c1CSONYI V\u00c1S\u00c1R A NEMZETI FILHARMONIKUSOKKAL Novemberben \u00e9s decemberben v\u00e1rjuk \u00d6n\u00f6ket jegy\u00e9rt\u00e9kes\u00edt\u0151 pultunkn\u00e1l az Allee Bev\u00e1s\u00e1rl\u00f3k\u00f6zpont I. emelet\u00e9n.\u00a0 Nyitva a h\u00e9t minden napj\u00e1n\u00a010-19 \u00f3r\u00e1ig. \u00c9v eleji k\u00fcl\u00f6nleges aj\u00e1nlatok, tavaszi hangversenyek a M\u00fcp\u00e1ban, a Zeneakad\u00e9mi\u00e1n, a Pesti Vigad\u00f3ban, a Budapesti Olasz Kult\u00farint\u00e9zetben, a Festetics Palot\u00e1ban, a M\u00e1ty\u00e1s-templomban \u00e9s a V\u00e1rkert Baz\u00e1rban. Kar\u00e1csonyi kedvezm\u00e9ny\u00fcnk: Minimum 4 k\u00fcl\u00f6nb\u00f6z\u0151 [&hellip;]<\/p>\n","protected":false},"author":951582,"featured_media":0,"parent":0,"menu_order":0,"comment_status":"closed","ping_status":"closed","template":"","meta":{"_acf_changed":false,"_monsterinsights_skip_tracking":false,"_monsterinsights_sitenote_active":false,"_monsterinsights_sitenote_note":"","_monsterinsights_sitenote_category":0,"footnotes":""},"class_list":["post-108316","page","type-page","status-publish","hentry"],"better_featured_image":null,"translation":{"provider":"WPGlobus","version":"3.0.2","language":"en","enabled_languages":["hu","en"],"languages":{"hu":{"title":true,"content":true,"excerpt":false},"en":{"title":false,"content":false,"excerpt":false}}},"acf":[],"publishpress_future_action":{"enabled":false,"date":"2026-05-20 20:01:47","action":"change-status","newStatus":"draft","terms":[],"taxonomy":"","extraData":[]},"publishpress_future_workflow_manual_trigger":{"enabledWorkflows":[]},"_links":{"self":[{"href":"https:\/\/www.filharmonikusok.hu\/en\/wp-json\/wp\/v2\/pages\/108316","targetHints":{"allow":["GET"]}}],"collection":[{"href":"https:\/\/www.filharmonikusok.hu\/en\/wp-json\/wp\/v2\/pages"}],"about":[{"href":"https:\/\/www.filharmonikusok.hu\/en\/wp-json\/wp\/v2\/types\/page"}],"author":[{"embeddable":true,"href":"https:\/\/www.filharmonikusok.hu\/en\/wp-json\/wp\/v2\/users\/951582"}],"replies":[{"embeddable":true,"href":"https:\/\/www.filharmonikusok.hu\/en\/wp-json\/wp\/v2\/comments?post=108316"}],"version-history":[{"count":0,"href":"https:\/\/www.filharmonikusok.hu\/en\/wp-json\/wp\/v2\/pages\/108316\/revisions"}],"wp:attachment":[{"href":"https:\/\/www.filharmonikusok.hu\/en\/wp-json\/wp\/v2\/media?parent=108316"}],"curies":[{"name":"wp","href":"https:\/\/api.w.org\/{rel}","templated":true}]}}