{"id":106578,"date":"2018-04-11T11:58:39","date_gmt":"2018-04-11T11:58:39","guid":{"rendered":"http:\/\/www.filharmonikusok.hu\/?page_id=106578"},"modified":"2018-04-18T14:43:37","modified_gmt":"2018-04-18T14:43:37","slug":"a-nemzeti-filharmonikus-zenekar-probajatekot-hirdet-csello-szolamvezeto-allasra","status":"publish","type":"page","link":"https:\/\/www.filharmonikusok.hu\/en\/a-nemzeti-filharmonikus-zenekar-probajatekot-hirdet-csello-szolamvezeto-allasra\/","title":{"rendered":"The Hungarian National Philharmonic is announcing an audition for the position of principal cellist."},"content":{"rendered":"<p><strong><u>Audition time<\/u><\/strong><strong>:<\/strong> 5 June 2018, 10 am<\/p>\n<p><strong><u>Audition location<\/u><\/strong>: Rehearsal room of the Hungarian National Philharmonic, M\u00fcpa Budapest, 1095 Budapest, Komor Marcell utca 1. 6th floor<\/p>\n<p>&nbsp;<\/p>\n<p>The audition will be in three rounds.<\/p>\n<p><u>First round: <\/u><\/p>\n<ol>\n<li>Haydn: Cello concerto in D major, mvt. I, at any cadence + orchestral passages<\/li>\n<\/ol>\n<p><u>Second round:<\/u><\/p>\n<p>Dvo\u0159\u00e1k: Cello concerto in B minor, mvt. I (Exposition) + orchestral passages<\/p>\n<p><u>Third round:<\/u><\/p>\n<p>Orchestral passages<\/p>\n<p>Beethoven:\u00a0\u00a0\u00a0\u00a0\u00a0\u00a0 Symphony No. 8 &#8211; Menuetto \u2013 Trio<\/p>\n<p>Bart\u00f3k:\u00a0\u00a0\u00a0\u00a0\u00a0\u00a0\u00a0\u00a0\u00a0\u00a0\u00a0\u00a0 The Miraculous Mandarin: 74-76<\/p>\n<p>Dohn\u00e1nyi:\u00a0\u00a0\u00a0\u00a0\u00a0\u00a0\u00a0\u00a0 Symphonic Minutes: 10 after 13-17<\/p>\n<p>Verdi:\u00a0\u00a0\u00a0\u00a0\u00a0\u00a0\u00a0\u00a0\u00a0\u00a0\u00a0\u00a0\u00a0\u00a0 Requiem: Offertorio, 1-46<\/p>\n<p>Wagner:\u00a0\u00a0\u00a0\u00a0\u00a0\u00a0\u00a0\u00a0\u00a0\u00a0\u00a0 Flying Dutchman: overture, from upbeat of H to K<\/p>\n<p>Brahms:\u00a0\u00a0\u00a0\u00a0\u00a0\u00a0\u00a0\u00a0\u00a0\u00a0\u00a0 Piano Concerto in B major: mvt. III, 10 after A and D to end<\/p>\n<p>Rossini: William Tell: overture to 48<\/p>\n<p>Shostakovich:\u00a0\u00a0 Symphony No. 15, mvt. II, solo<\/p>\n<p>&nbsp;<\/p>\n<p>The score for the orchestral passages can be <a href=\"http:\/\/www.filharmonikusok.hu\/wp-content\/uploads\/2017\/11\/csell\u00f3-pr\u00f3baj\u00e1t\u00e9k.pdf\"><strong>downloaded here<\/strong><\/a>, or can be collected up from the orchestra&#8217;s music library.<\/p>\n<p>A piano accompanist will be provided by the orchestra for the audition.<\/p>\n<p>Position available: 1 September 2018<\/p>\n<p>To apply, please send a short curriculum vitae (CV) to the following e-mail address: <a href=\"mailto:mali.i@filharmonikusok.hu\"><strong>mali.i@filharmonikusok.hu<\/strong><\/a><\/p>\n<p><strong><u>Application deadline:<\/u><\/strong><strong> 18 May 2018<\/strong><\/p>\n<p><strong>Once the applications have been reviewed, those selected will be notified by e-mail no later than 22 May 2018.<\/strong><\/p>\n<p>Further information: +36 30 411 6628<\/p>\n<p>Best of luck with the audition!<\/p>\n<p>Budapest, 5 April 2018<\/p>\n<p><strong>Istv\u00e1n Mali<\/strong><\/p>\n<p><strong>Chief orchestra manager <\/strong><\/p>\n","protected":false},"excerpt":{"rendered":"<p>Audition time: 5 June 2018, 10 am Audition location: Rehearsal room of the Hungarian National Philharmonic, M\u00fcpa Budapest, 1095 Budapest, Komor Marcell utca 1. 6th floor &nbsp; The audition will be in three rounds. First round: Haydn: Cello concerto in D major, mvt. I, at any cadence + orchestral passages Second round: Dvo\u0159\u00e1k: Cello concerto [&hellip;]<\/p>\n","protected":false},"author":1,"featured_media":0,"parent":0,"menu_order":0,"comment_status":"closed","ping_status":"closed","template":"","meta":{"_acf_changed":false,"_monsterinsights_skip_tracking":false,"_monsterinsights_sitenote_active":false,"_monsterinsights_sitenote_note":"","_monsterinsights_sitenote_category":0,"footnotes":""},"class_list":["post-106578","page","type-page","status-publish","hentry"],"better_featured_image":null,"translation":{"provider":"WPGlobus","version":"3.0.2","language":"en","enabled_languages":["hu","en"],"languages":{"hu":{"title":true,"content":true,"excerpt":false},"en":{"title":true,"content":true,"excerpt":false}}},"acf":[],"publishpress_future_action":{"enabled":false,"date":"2026-05-06 20:13:12","action":"change-status","newStatus":"draft","terms":[],"taxonomy":"","extraData":[]},"publishpress_future_workflow_manual_trigger":{"enabledWorkflows":[]},"_links":{"self":[{"href":"https:\/\/www.filharmonikusok.hu\/en\/wp-json\/wp\/v2\/pages\/106578","targetHints":{"allow":["GET"]}}],"collection":[{"href":"https:\/\/www.filharmonikusok.hu\/en\/wp-json\/wp\/v2\/pages"}],"about":[{"href":"https:\/\/www.filharmonikusok.hu\/en\/wp-json\/wp\/v2\/types\/page"}],"author":[{"embeddable":true,"href":"https:\/\/www.filharmonikusok.hu\/en\/wp-json\/wp\/v2\/users\/1"}],"replies":[{"embeddable":true,"href":"https:\/\/www.filharmonikusok.hu\/en\/wp-json\/wp\/v2\/comments?post=106578"}],"version-history":[{"count":3,"href":"https:\/\/www.filharmonikusok.hu\/en\/wp-json\/wp\/v2\/pages\/106578\/revisions"}],"predecessor-version":[{"id":112560,"href":"https:\/\/www.filharmonikusok.hu\/en\/wp-json\/wp\/v2\/pages\/106578\/revisions\/112560"}],"wp:attachment":[{"href":"https:\/\/www.filharmonikusok.hu\/en\/wp-json\/wp\/v2\/media?parent=106578"}],"curies":[{"name":"wp","href":"https:\/\/api.w.org\/{rel}","templated":true}]}}